{"id":101,"date":"2016-05-22T09:33:35","date_gmt":"2016-05-22T07:33:35","guid":{"rendered":"http:\/\/zplastiku.pl\/?page_id=101"},"modified":"2016-11-16T18:13:59","modified_gmt":"2016-11-16T17:13:59","slug":"sprzedaz-oraz-obrobka-plyt-z-tworzyw-sztucznych","status":"publish","type":"page","link":"http:\/\/zplastiku.pl\/index.php\/strona-glowna\/uslugi\/sprzedaz-oraz-obrobka-plyt-z-tworzyw-sztucznych\/","title":{"rendered":"Sprzeda\u017c oraz obr\u00f3bka p\u0142yt z tworzyw sztucznych"},"content":{"rendered":"<p>Ju\u017c wkr\u00f3tce<\/p>\n","protected":false},"excerpt":{"rendered":"<p>Ju\u017c wkr\u00f3tce<\/p>\n","protected":false},"author":1,"featured_media":0,"parent":76,"menu_order":0,"comment_status":"closed","ping_status":"closed","template":"","meta":[],"_links":{"self":[{"href":"http:\/\/zplastiku.pl\/index.php\/wp-json\/wp\/v2\/pages\/101"}],"collection":[{"href":"http:\/\/zplastiku.pl\/index.php\/wp-json\/wp\/v2\/pages"}],"about":[{"href":"http:\/\/zplastiku.pl\/index.php\/wp-json\/wp\/v2\/types\/page"}],"author":[{"embeddable":true,"href":"http:\/\/zplastiku.pl\/index.php\/wp-json\/wp\/v2\/users\/1"}],"replies":[{"embeddable":true,"href":"http:\/\/zplastiku.pl\/index.php\/wp-json\/wp\/v2\/comments?post=101"}],"version-history":[{"count":1,"href":"http:\/\/zplastiku.pl\/index.php\/wp-json\/wp\/v2\/pages\/101\/revisions"}],"predecessor-version":[{"id":103,"href":"http:\/\/zplastiku.pl\/index.php\/wp-json\/wp\/v2\/pages\/101\/revisions\/103"}],"up":[{"embeddable":true,"href":"http:\/\/zplastiku.pl\/index.php\/wp-json\/wp\/v2\/pages\/76"}],"wp:attachment":[{"href":"http:\/\/zplastiku.pl\/index.php\/wp-json\/wp\/v2\/media?parent=101"}],"curies":[{"name":"wp","href":"https:\/\/api.w.org\/{rel}","templated":true}]}}