{"id":134,"date":"2016-05-22T10:33:27","date_gmt":"2016-05-22T08:33:27","guid":{"rendered":"http:\/\/zplastiku.pl\/?page_id=134"},"modified":"2016-05-22T10:46:05","modified_gmt":"2016-05-22T08:46:05","slug":"formularz-kontaktowy","status":"publish","type":"page","link":"http:\/\/zplastiku.pl\/index.php\/strona-glowna\/kontakt\/formularz-kontaktowy\/","title":{"rendered":"Formularz kontaktowy"},"content":{"rendered":"<p>Poni\u017cej formularz kontaktowy.<\/p>\n<p>Prosz\u0119 o wype\u0142nienie p\u00f3l wymaganych, a nasz pracownik skontaktuje si\u0119 z Pa\u0144stwem jak najszybciej.<\/p>\n<div role=\"form\" class=\"wpcf7\" id=\"wpcf7-f132-o1\" lang=\"pl-PL\" dir=\"ltr\">\n<div class=\"screen-reader-response\"><\/div>\n<form action=\"\/index.php\/wp-json\/wp\/v2\/pages\/134#wpcf7-f132-o1\" method=\"post\" class=\"wpcf7-form\" novalidate=\"novalidate\">\n<div style=\"display: none;\">\n<input type=\"hidden\" name=\"_wpcf7\" value=\"132\" \/>\n<input type=\"hidden\" name=\"_wpcf7_version\" value=\"4.7\" \/>\n<input type=\"hidden\" name=\"_wpcf7_locale\" value=\"pl_PL\" \/>\n<input type=\"hidden\" name=\"_wpcf7_unit_tag\" value=\"wpcf7-f132-o1\" \/>\n<input type=\"hidden\" name=\"_wpnonce\" value=\"b24a9005c0\" \/>\n<\/div>\n<p>Imi\u0119 i nazwisko (wymagane)<br \/>\n    <span class=\"wpcf7-form-control-wrap your-name\"><input type=\"text\" name=\"your-name\" value=\"\" size=\"40\" class=\"wpcf7-form-control wpcf7-text wpcf7-validates-as-required\" aria-required=\"true\" aria-invalid=\"false\" \/><\/span> <\/p>\n<p>Adres email (wymagane)<br \/>\n    <span class=\"wpcf7-form-control-wrap your-email\"><input type=\"email\" name=\"your-email\" value=\"\" size=\"40\" class=\"wpcf7-form-control wpcf7-text wpcf7-email wpcf7-validates-as-required wpcf7-validates-as-email\" aria-required=\"true\" aria-invalid=\"false\" \/><\/span> <\/p>\n<p>Telefon kontaktowy<br \/>\n    <span class=\"wpcf7-form-control-wrap tel-892\"><input type=\"tel\" name=\"tel-892\" value=\"\" size=\"40\" class=\"wpcf7-form-control wpcf7-text wpcf7-tel wpcf7-validates-as-tel\" aria-invalid=\"false\" \/><\/span> <\/p>\n<p>Temat<br \/>\n    <span class=\"wpcf7-form-control-wrap your-subject\"><input type=\"text\" name=\"your-subject\" value=\"\" size=\"40\" class=\"wpcf7-form-control wpcf7-text\" aria-invalid=\"false\" \/><\/span> <\/p>\n<p>Tre\u015b\u0107 wiadomo\u015bci<br \/>\n    <span class=\"wpcf7-form-control-wrap your-message\"><textarea name=\"your-message\" cols=\"40\" rows=\"10\" class=\"wpcf7-form-control wpcf7-textarea\" aria-invalid=\"false\"><\/textarea><\/span> <\/p>\n<p><\/p>\n<div class=\"wpcf7-form-control-wrap\"><div data-sitekey=\"6LdNlSATAAAAABO0KoyKvUm-0HNW8OY6GlNd8RTd\" class=\"wpcf7-form-control g-recaptcha wpcf7-recaptcha\"><\/div>\n<noscript>\n\t<div style=\"width: 302px; height: 422px;\">\n\t\t<div style=\"width: 302px; height: 422px; position: relative;\">\n\t\t\t<div style=\"width: 302px; height: 422px; position: absolute;\">\n\t\t\t\t<iframe src=\"https:\/\/www.google.com\/recaptcha\/api\/fallback?k=6LdNlSATAAAAABO0KoyKvUm-0HNW8OY6GlNd8RTd\" frameborder=\"0\" scrolling=\"no\" style=\"width: 302px; height:422px; border-style: none;\">\n\t\t\t\t<\/iframe>\n\t\t\t<\/div>\n\t\t\t<div style=\"width: 300px; height: 60px; border-style: none; bottom: 12px; left: 25px; margin: 0px; padding: 0px; right: 25px; background: #f9f9f9; border: 1px solid #c1c1c1; border-radius: 3px;\">\n\t\t\t\t<textarea id=\"g-recaptcha-response\" name=\"g-recaptcha-response\" class=\"g-recaptcha-response\" style=\"width: 250px; height: 40px; border: 1px solid #c1c1c1; margin: 10px 25px; padding: 0px; resize: none;\">\n\t\t\t\t<\/textarea>\n\t\t\t<\/div>\n\t\t<\/div>\n\t<\/div>\n<\/noscript>\n<\/div>\n<p><\/p>\n<p><input type=\"submit\" value=\"Wy\u015blij\" class=\"wpcf7-form-control wpcf7-submit\" \/><\/p>\n<div class=\"wpcf7-response-output wpcf7-display-none\"><\/div><\/form><\/div>\n","protected":false},"excerpt":{"rendered":"<p>Poni\u017cej formularz kontaktowy. Prosz\u0119 o wype\u0142nienie p\u00f3l wymaganych, a nasz pracownik skontaktuje si\u0119 z Pa\u0144stwem jak najszybciej.<\/p>\n","protected":false},"author":1,"featured_media":0,"parent":5,"menu_order":0,"comment_status":"closed","ping_status":"closed","template":"","meta":[],"_links":{"self":[{"href":"http:\/\/zplastiku.pl\/index.php\/wp-json\/wp\/v2\/pages\/134"}],"collection":[{"href":"http:\/\/zplastiku.pl\/index.php\/wp-json\/wp\/v2\/pages"}],"about":[{"href":"http:\/\/zplastiku.pl\/index.php\/wp-json\/wp\/v2\/types\/page"}],"author":[{"embeddable":true,"href":"http:\/\/zplastiku.pl\/index.php\/wp-json\/wp\/v2\/users\/1"}],"replies":[{"embeddable":true,"href":"http:\/\/zplastiku.pl\/index.php\/wp-json\/wp\/v2\/comments?post=134"}],"version-history":[{"count":2,"href":"http:\/\/zplastiku.pl\/index.php\/wp-json\/wp\/v2\/pages\/134\/revisions"}],"predecessor-version":[{"id":137,"href":"http:\/\/zplastiku.pl\/index.php\/wp-json\/wp\/v2\/pages\/134\/revisions\/137"}],"up":[{"embeddable":true,"href":"http:\/\/zplastiku.pl\/index.php\/wp-json\/wp\/v2\/pages\/5"}],"wp:attachment":[{"href":"http:\/\/zplastiku.pl\/index.php\/wp-json\/wp\/v2\/media?parent=134"}],"curies":[{"name":"wp","href":"https:\/\/api.w.org\/{rel}","templated":true}]}}