{"id":5,"date":"2016-04-09T16:43:25","date_gmt":"2016-04-09T14:43:25","guid":{"rendered":"http:\/\/zplastiku.pl\/?page_id=5"},"modified":"2016-11-16T18:08:47","modified_gmt":"2016-11-16T17:08:47","slug":"kontakt","status":"publish","type":"page","link":"http:\/\/zplastiku.pl\/index.php\/strona-glowna\/kontakt\/","title":{"rendered":"Kontakt"},"content":{"rendered":"<p>Dane naszej firmy:<\/p>\n<p>Zplastiku.pl<br \/>\nul. Ja\u015bminowa 3<br \/>\n87-140 Stru\u017cal<br \/>\nNIP: 879-219-36-38<br \/>\nREGON: 341365186<\/p>\n<p><strong>Zapraszamy do kontaktu:<br \/>\ntel. 607 032 752<\/strong><br \/>\n<strong> fax (56) 637 09 49<\/strong><br \/>\n<strong> e-mail: kontakt@zplastiku.pl<br \/>\n<a href=\"http:\/\/zplastiku.pl\/index.php\/strona-glowna\/kontakt\/formularz-kontaktowy\/\">Mo\u017cesz tak\u017ce skorzysta\u0107 z formularza kontaktowego<\/a><\/strong><\/p>\n<p>Mapka, jak do nas dojecha\u0107:<\/p>\n<div id=\"mapp0_layout\" class=\"mapp-layout mapp-align-center\" style=\"width: 640px; \"><div id=\"mapp0_links\" class=\"mapp-map-links\"><a href='#' onclick='mapp0.autoCenter(true); return false;'>Wy\u015brodkuj map\u0119<\/a><\/div><div id=\"mapp0_dialog\" class=\"mapp-dialog\"><\/div><div id=\"mapp0\" class=\"mapp-canvas\" style=\"width: 100%; height: 480px; \"><\/div><div id=\"mapp0_directions\" class=\"mapp-directions\" style=\"width:100%\"><\/div><div id=\"mapp0_poi_list\" class=\"mapp-poi-list\" style=\"width:100%\"><\/div><\/div>\n","protected":false},"excerpt":{"rendered":"<p>Dane naszej firmy: Zplastiku.pl ul. Ja\u015bminowa 3 87-140 Stru\u017cal NIP: 879-219-36-38 REGON: 341365186 Zapraszamy do kontaktu: tel. 607 032 752 fax (56) 637 09 49 e-mail: kontakt@zplastiku.pl Mo\u017cesz tak\u017ce skorzysta\u0107 z formularza kontaktowego Mapka, jak do nas dojecha\u0107:<\/p>\n","protected":false},"author":1,"featured_media":0,"parent":7,"menu_order":0,"comment_status":"closed","ping_status":"closed","template":"","meta":[],"_links":{"self":[{"href":"http:\/\/zplastiku.pl\/index.php\/wp-json\/wp\/v2\/pages\/5"}],"collection":[{"href":"http:\/\/zplastiku.pl\/index.php\/wp-json\/wp\/v2\/pages"}],"about":[{"href":"http:\/\/zplastiku.pl\/index.php\/wp-json\/wp\/v2\/types\/page"}],"author":[{"embeddable":true,"href":"http:\/\/zplastiku.pl\/index.php\/wp-json\/wp\/v2\/users\/1"}],"replies":[{"embeddable":true,"href":"http:\/\/zplastiku.pl\/index.php\/wp-json\/wp\/v2\/comments?post=5"}],"version-history":[{"count":13,"href":"http:\/\/zplastiku.pl\/index.php\/wp-json\/wp\/v2\/pages\/5\/revisions"}],"predecessor-version":[{"id":147,"href":"http:\/\/zplastiku.pl\/index.php\/wp-json\/wp\/v2\/pages\/5\/revisions\/147"}],"up":[{"embeddable":true,"href":"http:\/\/zplastiku.pl\/index.php\/wp-json\/wp\/v2\/pages\/7"}],"wp:attachment":[{"href":"http:\/\/zplastiku.pl\/index.php\/wp-json\/wp\/v2\/media?parent=5"}],"curies":[{"name":"wp","href":"https:\/\/api.w.org\/{rel}","templated":true}]}}