{"id":76,"date":"2016-05-22T09:20:42","date_gmt":"2016-05-22T07:20:42","guid":{"rendered":"http:\/\/zplastiku.pl\/?page_id=76"},"modified":"2016-11-16T18:12:02","modified_gmt":"2016-11-16T17:12:02","slug":"uslugi","status":"publish","type":"page","link":"http:\/\/zplastiku.pl\/index.php\/strona-glowna\/uslugi\/","title":{"rendered":"Us\u0142ugi"},"content":{"rendered":"<p>Wykonujemy us\u0142ugi:<\/p>\n<p><strong><a class=\"row-title\" href=\"http:\/\/zplastiku.pl\/index.php\/strona-glowna\/uslugi\/spawanie-plastiku-spawanie-zderzakow-spawanie-lusterek\/\">Spawanie plastiku, spawanie zderzak\u00f3w, spawanie lusterek<\/a><\/strong><\/p>\n<p><strong><a class=\"row-title\" href=\"http:\/\/zplastiku.pl\/index.php\/strona-glowna\/uslugi\/sprzedaz-oraz-obrobka-plyt-z-tworzyw-sztucznych\/\">Sprzeda\u017c oraz obr\u00f3bka p\u0142yt z tworzyw sztucznych<\/a><\/strong><\/p>\n<p><strong><a class=\"row-title\" href=\"http:\/\/zplastiku.pl\/index.php\/strona-glowna\/uslugi\/wanny-galwaniczne-trawienne-pluczki-wanny-wychwytowe-i-ociekowe\/\">Wanny galwaniczne, trawienne, p\u0142uczki, wanny wychwytowe i ociekowe<\/a><\/strong><\/p>\n<p><strong><a class=\"row-title\" href=\"http:\/\/zplastiku.pl\/index.php\/strona-glowna\/uslugi\/wentylacja-chemoodporna-kanaly-z-pcv-kanaly-wentylacyjne-z-tworzywa\/\">Wentylacja chemoodporna, kana\u0142y z PCV, kana\u0142y wentylacyjne z tworzywa<\/a><\/strong><\/p>\n<p><strong><a class=\"row-title\" href=\"http:\/\/zplastiku.pl\/index.php\/strona-glowna\/uslugi\/zbiorniki-cylindryczne-z-pe-pp-zbiorniki-prostopadloscienne-z-pe-pp\/ost=89&amp;action=edit\">Zbiorniki cylindryczne z PE, PP. Zbiorniki prostopad\u0142o\u015bcienne z PE PP<\/a><\/strong><\/p>\n<p><strong><a class=\"row-title\" href=\"http:\/\/zplastiku.pl\/index.php\/strona-glowna\/uslugi\/bhp\/\">BHP<\/a><\/strong><\/p>\n","protected":false},"excerpt":{"rendered":"<p>Wykonujemy us\u0142ugi: Spawanie plastiku, spawanie zderzak\u00f3w, spawanie lusterek Sprzeda\u017c oraz obr\u00f3bka p\u0142yt z tworzyw sztucznych Wanny galwaniczne, trawienne, p\u0142uczki, wanny wychwytowe i ociekowe Wentylacja chemoodporna, kana\u0142y z PCV, kana\u0142y wentylacyjne z tworzywa Zbiorniki cylindryczne z PE, PP. Zbiorniki prostopad\u0142o\u015bcienne z PE PP BHP<\/p>\n","protected":false},"author":1,"featured_media":0,"parent":7,"menu_order":0,"comment_status":"closed","ping_status":"closed","template":"","meta":[],"_links":{"self":[{"href":"http:\/\/zplastiku.pl\/index.php\/wp-json\/wp\/v2\/pages\/76"}],"collection":[{"href":"http:\/\/zplastiku.pl\/index.php\/wp-json\/wp\/v2\/pages"}],"about":[{"href":"http:\/\/zplastiku.pl\/index.php\/wp-json\/wp\/v2\/types\/page"}],"author":[{"embeddable":true,"href":"http:\/\/zplastiku.pl\/index.php\/wp-json\/wp\/v2\/users\/1"}],"replies":[{"embeddable":true,"href":"http:\/\/zplastiku.pl\/index.php\/wp-json\/wp\/v2\/comments?post=76"}],"version-history":[{"count":6,"href":"http:\/\/zplastiku.pl\/index.php\/wp-json\/wp\/v2\/pages\/76\/revisions"}],"predecessor-version":[{"id":148,"href":"http:\/\/zplastiku.pl\/index.php\/wp-json\/wp\/v2\/pages\/76\/revisions\/148"}],"up":[{"embeddable":true,"href":"http:\/\/zplastiku.pl\/index.php\/wp-json\/wp\/v2\/pages\/7"}],"wp:attachment":[{"href":"http:\/\/zplastiku.pl\/index.php\/wp-json\/wp\/v2\/media?parent=76"}],"curies":[{"name":"wp","href":"https:\/\/api.w.org\/{rel}","templated":true}]}}