{"id":83,"date":"2016-05-22T09:27:47","date_gmt":"2016-05-22T07:27:47","guid":{"rendered":"http:\/\/zplastiku.pl\/?page_id=83"},"modified":"2016-11-16T18:14:16","modified_gmt":"2016-11-16T17:14:16","slug":"wanny-galwaniczne-trawienne-pluczki-wanny-wychwytowe-i-ociekowe","status":"publish","type":"page","link":"http:\/\/zplastiku.pl\/index.php\/strona-glowna\/uslugi\/wanny-galwaniczne-trawienne-pluczki-wanny-wychwytowe-i-ociekowe\/","title":{"rendered":"Wanny galwaniczne, trawienne, p\u0142uczki, wanny wychwytowe i ociekowe"},"content":{"rendered":"<p>Wanny galwaniczne z tworzywa, wanny trawienne,wanny trawialnicze, wanny transportowe. Wanny wychwytowe pod beczki z olejem, wanny ociekowe, wanny chemoodporne, wk\u0142ady do wanien stalowych, wanny z PP, wanny z PE, Wanny z PVC, Wanny z PVDF. Wk\u0142ady z PVDF, Wanny inspekcyjne z tworzywa, wanny do proces\u00f3w chemicznych, Spawanie wanien z PVC, wanny z kana\u0142em odci\u0105gaj\u0105cym opary<\/p>\n<div id='gallery-1' class='gallery galleryid-83 gallery-columns-2 gallery-size-medium'><figure class='gallery-item'>\n\t\t\t<div class='gallery-icon landscape'>\n\t\t\t\t<a href='http:\/\/zplastiku.pl\/index.php\/strona-glowna\/uslugi\/wanny-galwaniczne-trawienne-pluczki-wanny-wychwytowe-i-ociekowe\/20160202_154326-2\/'><img width=\"300\" height=\"169\" src=\"http:\/\/zplastiku.pl\/wp-content\/uploads\/2016\/05\/20160202_154326-1-300x169.jpg\" class=\"attachment-medium size-medium\" alt=\"\" decoding=\"async\" loading=\"lazy\" aria-describedby=\"gallery-1-84\" srcset=\"http:\/\/zplastiku.pl\/wp-content\/uploads\/2016\/05\/20160202_154326-1-300x169.jpg 300w, http:\/\/zplastiku.pl\/wp-content\/uploads\/2016\/05\/20160202_154326-1-768x432.jpg 768w, http:\/\/zplastiku.pl\/wp-content\/uploads\/2016\/05\/20160202_154326-1.jpg 1024w, http:\/\/zplastiku.pl\/wp-content\/uploads\/2016\/05\/20160202_154326-1-24x14.jpg 24w, http:\/\/zplastiku.pl\/wp-content\/uploads\/2016\/05\/20160202_154326-1-36x20.jpg 36w, http:\/\/zplastiku.pl\/wp-content\/uploads\/2016\/05\/20160202_154326-1-48x27.jpg 48w\" sizes=\"(max-width: 300px) 100vw, 300px\" \/><\/a>\n\t\t\t<\/div>\n\t\t\t\t<figcaption class='wp-caption-text gallery-caption' id='gallery-1-84'>\n\t\t\t\t?\n\t\t\t\t<\/figcaption><\/figure><figure class='gallery-item'>\n\t\t\t<div class='gallery-icon portrait'>\n\t\t\t\t<a href='http:\/\/zplastiku.pl\/index.php\/strona-glowna\/uslugi\/wanny-galwaniczne-trawienne-pluczki-wanny-wychwytowe-i-ociekowe\/20160208_110217\/'><img width=\"169\" height=\"300\" src=\"http:\/\/zplastiku.pl\/wp-content\/uploads\/2016\/05\/20160208_110217-169x300.jpg\" class=\"attachment-medium size-medium\" alt=\"\" decoding=\"async\" loading=\"lazy\" srcset=\"http:\/\/zplastiku.pl\/wp-content\/uploads\/2016\/05\/20160208_110217-169x300.jpg 169w, http:\/\/zplastiku.pl\/wp-content\/uploads\/2016\/05\/20160208_110217-768x1365.jpg 768w, http:\/\/zplastiku.pl\/wp-content\/uploads\/2016\/05\/20160208_110217-576x1024.jpg 576w, http:\/\/zplastiku.pl\/wp-content\/uploads\/2016\/05\/20160208_110217-14x24.jpg 14w, http:\/\/zplastiku.pl\/wp-content\/uploads\/2016\/05\/20160208_110217-20x36.jpg 20w, http:\/\/zplastiku.pl\/wp-content\/uploads\/2016\/05\/20160208_110217-27x48.jpg 27w\" sizes=\"(max-width: 169px) 100vw, 169px\" \/><\/a>\n\t\t\t<\/div><\/figure><figure class='gallery-item'>\n\t\t\t<div class='gallery-icon landscape'>\n\t\t\t\t<a href='http:\/\/zplastiku.pl\/index.php\/strona-glowna\/uslugi\/wanny-galwaniczne-trawienne-pluczki-wanny-wychwytowe-i-ociekowe\/20160208_110226\/'><img width=\"300\" height=\"156\" src=\"http:\/\/zplastiku.pl\/wp-content\/uploads\/2016\/05\/20160208_110226-300x156.jpg\" class=\"attachment-medium size-medium\" alt=\"\" decoding=\"async\" loading=\"lazy\" aria-describedby=\"gallery-1-86\" srcset=\"http:\/\/zplastiku.pl\/wp-content\/uploads\/2016\/05\/20160208_110226-300x156.jpg 300w, http:\/\/zplastiku.pl\/wp-content\/uploads\/2016\/05\/20160208_110226-768x400.jpg 768w, http:\/\/zplastiku.pl\/wp-content\/uploads\/2016\/05\/20160208_110226-1024x534.jpg 1024w, http:\/\/zplastiku.pl\/wp-content\/uploads\/2016\/05\/20160208_110226-24x13.jpg 24w, http:\/\/zplastiku.pl\/wp-content\/uploads\/2016\/05\/20160208_110226-36x19.jpg 36w, http:\/\/zplastiku.pl\/wp-content\/uploads\/2016\/05\/20160208_110226-48x25.jpg 48w\" sizes=\"(max-width: 300px) 100vw, 300px\" \/><\/a>\n\t\t\t<\/div>\n\t\t\t\t<figcaption class='wp-caption-text gallery-caption' id='gallery-1-86'>\n\t\t\t\t?\n\t\t\t\t<\/figcaption><\/figure>\n\t\t<\/div>\n\n","protected":false},"excerpt":{"rendered":"<p>Wanny galwaniczne z tworzywa, wanny trawienne,wanny trawialnicze, wanny transportowe. Wanny wychwytowe pod beczki z olejem, wanny ociekowe, wanny chemoodporne, wk\u0142ady do wanien stalowych, wanny z PP, wanny z PE, Wanny z PVC, Wanny z PVDF. Wk\u0142ady z PVDF, Wanny inspekcyjne z tworzywa, wanny do proces\u00f3w chemicznych, Spawanie wanien z PVC, wanny z kana\u0142em odci\u0105gaj\u0105cym opary<\/p>\n","protected":false},"author":1,"featured_media":0,"parent":76,"menu_order":0,"comment_status":"closed","ping_status":"closed","template":"","meta":[],"_links":{"self":[{"href":"http:\/\/zplastiku.pl\/index.php\/wp-json\/wp\/v2\/pages\/83"}],"collection":[{"href":"http:\/\/zplastiku.pl\/index.php\/wp-json\/wp\/v2\/pages"}],"about":[{"href":"http:\/\/zplastiku.pl\/index.php\/wp-json\/wp\/v2\/types\/page"}],"author":[{"embeddable":true,"href":"http:\/\/zplastiku.pl\/index.php\/wp-json\/wp\/v2\/users\/1"}],"replies":[{"embeddable":true,"href":"http:\/\/zplastiku.pl\/index.php\/wp-json\/wp\/v2\/comments?post=83"}],"version-history":[{"count":2,"href":"http:\/\/zplastiku.pl\/index.php\/wp-json\/wp\/v2\/pages\/83\/revisions"}],"predecessor-version":[{"id":146,"href":"http:\/\/zplastiku.pl\/index.php\/wp-json\/wp\/v2\/pages\/83\/revisions\/146"}],"up":[{"embeddable":true,"href":"http:\/\/zplastiku.pl\/index.php\/wp-json\/wp\/v2\/pages\/76"}],"wp:attachment":[{"href":"http:\/\/zplastiku.pl\/index.php\/wp-json\/wp\/v2\/media?parent=83"}],"curies":[{"name":"wp","href":"https:\/\/api.w.org\/{rel}","templated":true}]}}