{"id":89,"date":"2016-05-22T09:29:50","date_gmt":"2016-05-22T07:29:50","guid":{"rendered":"http:\/\/zplastiku.pl\/?page_id=89"},"modified":"2016-11-16T18:14:39","modified_gmt":"2016-11-16T17:14:39","slug":"zbiorniki-cylindryczne-z-pe-pp-zbiorniki-prostopadloscienne-z-pe-pp","status":"publish","type":"page","link":"http:\/\/zplastiku.pl\/index.php\/strona-glowna\/uslugi\/zbiorniki-cylindryczne-z-pe-pp-zbiorniki-prostopadloscienne-z-pe-pp\/","title":{"rendered":"Zbiorniki cylindryczne z PE, PP. Zbiorniki prostopad\u0142o\u015bcienne z PE PP"},"content":{"rendered":"<p>Wytwarzamy z tworzywa:<\/p>\n<ul>\n<li>zbiorniki PE na wod\u0119, zbiorniki z tworzywa, Zbiorniki chemoodporne, zbiorniki na p\u0142yny technologiczne, pojemniki przemys\u0142owe z PE, Pojemniki przemys\u0142owe z PP, Zbiorniki na substancje spo\u017cywcze<\/li>\n<li>wanny dla galwanotechniki, malarni oraz cynkowni<\/li>\n<li>wanny do jacuzzi, baseny<\/li>\n<li>wy\u0142o\u017cenia tworzywem zbiornik\u00f3w betonowych oraz stalowych<\/li>\n<li>kana\u0142y oraz kratki \u015bciekowe<\/li>\n<li>zbiorniki na deszcz\u00f3wk\u0119, szamba<\/li>\n<li>koryta, poid\u0142a dla zwierz\u0105t, wygrodzenia<\/li>\n<li>blaty do masarni i ubojni, podesty, p\u0142uczki, itp<\/li>\n<li>kana\u0142y wentylacyjne, okapy, czerpnie, kratki wentylacyjne, itp<\/li>\n<li>rynny, wanienki, zabezpieczenia pod maszyny (zbieraj\u0105ce olej,ch\u0142odziwo,itp.)<\/li>\n<li>os\u0142ony maszyn, elementy maszyn<\/li>\n<li>przyrz\u0105dy dla produkcji usprawniaj\u0105ce prac\u0119 (Lean manufacturing, kaizen)<\/li>\n<li>zabezpieczenia w transporcie (naro\u017cniki, k\u0105towniki, itp.)<\/li>\n<li>zabezpieczenia \u015bcian (odboje) w przychodniach, szpitalach, zak\u0142adach pracy<\/li>\n<li>stolnice, proste formy, mieszalniki<\/li>\n<li>naczynia laboratoryjne<\/li>\n<\/ul>\n<div id='gallery-1' class='gallery galleryid-89 gallery-columns-2 gallery-size-medium'><figure class='gallery-item'>\n\t\t\t<div class='gallery-icon portrait'>\n\t\t\t\t<a href='http:\/\/zplastiku.pl\/index.php\/strona-glowna\/uslugi\/zbiorniki-cylindryczne-z-pe-pp-zbiorniki-prostopadloscienne-z-pe-pp\/3-2\/'><img width=\"169\" height=\"300\" src=\"http:\/\/zplastiku.pl\/wp-content\/uploads\/2016\/05\/3-1-169x300.jpg\" class=\"attachment-medium size-medium\" alt=\"\" decoding=\"async\" loading=\"lazy\" srcset=\"http:\/\/zplastiku.pl\/wp-content\/uploads\/2016\/05\/3-1-169x300.jpg 169w, http:\/\/zplastiku.pl\/wp-content\/uploads\/2016\/05\/3-1-768x1365.jpg 768w, http:\/\/zplastiku.pl\/wp-content\/uploads\/2016\/05\/3-1-576x1024.jpg 576w, http:\/\/zplastiku.pl\/wp-content\/uploads\/2016\/05\/3-1-14x24.jpg 14w, http:\/\/zplastiku.pl\/wp-content\/uploads\/2016\/05\/3-1-20x36.jpg 20w, http:\/\/zplastiku.pl\/wp-content\/uploads\/2016\/05\/3-1-27x48.jpg 27w, http:\/\/zplastiku.pl\/wp-content\/uploads\/2016\/05\/3-1-e1463903907546.jpg 278w\" sizes=\"(max-width: 169px) 100vw, 169px\" \/><\/a>\n\t\t\t<\/div><\/figure>\n\t\t<\/div>\n\n","protected":false},"excerpt":{"rendered":"<p>Wytwarzamy z tworzywa: zbiorniki PE na wod\u0119, zbiorniki z tworzywa, Zbiorniki chemoodporne, zbiorniki na p\u0142yny technologiczne, pojemniki przemys\u0142owe z PE, Pojemniki przemys\u0142owe z PP, Zbiorniki na substancje spo\u017cywcze wanny dla galwanotechniki, malarni oraz cynkowni wanny do jacuzzi, baseny wy\u0142o\u017cenia tworzywem zbiornik\u00f3w betonowych oraz stalowych kana\u0142y oraz kratki \u015bciekowe zbiorniki na deszcz\u00f3wk\u0119, szamba koryta, poid\u0142a dla [&hellip;]<\/p>\n","protected":false},"author":1,"featured_media":0,"parent":76,"menu_order":0,"comment_status":"closed","ping_status":"closed","template":"","meta":[],"_links":{"self":[{"href":"http:\/\/zplastiku.pl\/index.php\/wp-json\/wp\/v2\/pages\/89"}],"collection":[{"href":"http:\/\/zplastiku.pl\/index.php\/wp-json\/wp\/v2\/pages"}],"about":[{"href":"http:\/\/zplastiku.pl\/index.php\/wp-json\/wp\/v2\/types\/page"}],"author":[{"embeddable":true,"href":"http:\/\/zplastiku.pl\/index.php\/wp-json\/wp\/v2\/users\/1"}],"replies":[{"embeddable":true,"href":"http:\/\/zplastiku.pl\/index.php\/wp-json\/wp\/v2\/comments?post=89"}],"version-history":[{"count":2,"href":"http:\/\/zplastiku.pl\/index.php\/wp-json\/wp\/v2\/pages\/89\/revisions"}],"predecessor-version":[{"id":145,"href":"http:\/\/zplastiku.pl\/index.php\/wp-json\/wp\/v2\/pages\/89\/revisions\/145"}],"up":[{"embeddable":true,"href":"http:\/\/zplastiku.pl\/index.php\/wp-json\/wp\/v2\/pages\/76"}],"wp:attachment":[{"href":"http:\/\/zplastiku.pl\/index.php\/wp-json\/wp\/v2\/media?parent=89"}],"curies":[{"name":"wp","href":"https:\/\/api.w.org\/{rel}","templated":true}]}}