{"id":96,"date":"2016-05-22T09:31:36","date_gmt":"2016-05-22T07:31:36","guid":{"rendered":"http:\/\/zplastiku.pl\/?page_id=96"},"modified":"2016-11-16T18:13:50","modified_gmt":"2016-11-16T17:13:50","slug":"spawanie-plastiku-spawanie-zderzakow-spawanie-lusterek","status":"publish","type":"page","link":"http:\/\/zplastiku.pl\/index.php\/strona-glowna\/uslugi\/spawanie-plastiku-spawanie-zderzakow-spawanie-lusterek\/","title":{"rendered":"Spawanie plastiku, spawanie zderzak\u00f3w, spawanie lusterek"},"content":{"rendered":"<p><b>Najcz\u0119\u015bciej naprawiamy:<\/b><br \/>\nSpawanie zderzak\u00f3w samochod\u00f3w osobowych i dostawczych<br \/>\nNaprawa baga\u017cnik\u00f3w dachowych, motocyklowe,<br \/>\nSpawanie spojlery, lotki, owiewki skuter\u00f3w, obudowy k\u0142ad\u00f3w,<\/p>\n<ul>\n<li>elementy ch\u0142odnic , lusterek,<\/li>\n<li>elementy z tworzywa sztucznego we wn\u0119trzu pojazdu,<\/li>\n<li>p\u0119kni\u0119cia w fotelikach samochodowych, rowerowych,<\/li>\n<li>zbiorniki opryskiwaczy, os\u0142ony oraz inne cz\u0119\u015bci wykorzystywane w maszynach rolniczych<\/li>\n<li>uszkodzone elementy urz\u0105dze\u0144 gospodarstwa domowego np. p\u00f3\u0142ki lod\u00f3wek<\/li>\n<li>pojemniki i kontenery na \u015bmieci<\/li>\n<li>zbiorniki przydomowych oczyszczalni \u015bciek\u00f3w,zbiorniki na wod\u0119 deszczow\u0105, itp<\/li>\n<li>palety plastikowe oraz pojemniki transportowe<\/li>\n<li>p\u0119kni\u0119te obudowy kosiarek i podkaszarek oraz ich pojemniki na traw\u0119<\/li>\n<li>uszkodzone elementy plastikowe w w\u00f3zkach dzieci\u0119cych<\/li>\n<li>obudowy drukarek<\/li>\n<li>znaki drogowe, rynny plastikowe,<\/li>\n<li>reklamy wyk. z plastiku<\/li>\n<li>zabawki<\/li>\n<\/ul>\n<p>&nbsp;<\/p>\n","protected":false},"excerpt":{"rendered":"<p>Najcz\u0119\u015bciej naprawiamy: Spawanie zderzak\u00f3w samochod\u00f3w osobowych i dostawczych Naprawa baga\u017cnik\u00f3w dachowych, motocyklowe, Spawanie spojlery, lotki, owiewki skuter\u00f3w, obudowy k\u0142ad\u00f3w, elementy ch\u0142odnic , lusterek, elementy z tworzywa sztucznego we wn\u0119trzu pojazdu, p\u0119kni\u0119cia w fotelikach samochodowych, rowerowych, zbiorniki opryskiwaczy, os\u0142ony oraz inne cz\u0119\u015bci wykorzystywane w maszynach rolniczych uszkodzone elementy urz\u0105dze\u0144 gospodarstwa domowego np. p\u00f3\u0142ki lod\u00f3wek pojemniki i [&hellip;]<\/p>\n","protected":false},"author":1,"featured_media":0,"parent":76,"menu_order":0,"comment_status":"closed","ping_status":"closed","template":"","meta":[],"_links":{"self":[{"href":"http:\/\/zplastiku.pl\/index.php\/wp-json\/wp\/v2\/pages\/96"}],"collection":[{"href":"http:\/\/zplastiku.pl\/index.php\/wp-json\/wp\/v2\/pages"}],"about":[{"href":"http:\/\/zplastiku.pl\/index.php\/wp-json\/wp\/v2\/types\/page"}],"author":[{"embeddable":true,"href":"http:\/\/zplastiku.pl\/index.php\/wp-json\/wp\/v2\/users\/1"}],"replies":[{"embeddable":true,"href":"http:\/\/zplastiku.pl\/index.php\/wp-json\/wp\/v2\/comments?post=96"}],"version-history":[{"count":2,"href":"http:\/\/zplastiku.pl\/index.php\/wp-json\/wp\/v2\/pages\/96\/revisions"}],"predecessor-version":[{"id":149,"href":"http:\/\/zplastiku.pl\/index.php\/wp-json\/wp\/v2\/pages\/96\/revisions\/149"}],"up":[{"embeddable":true,"href":"http:\/\/zplastiku.pl\/index.php\/wp-json\/wp\/v2\/pages\/76"}],"wp:attachment":[{"href":"http:\/\/zplastiku.pl\/index.php\/wp-json\/wp\/v2\/media?parent=96"}],"curies":[{"name":"wp","href":"https:\/\/api.w.org\/{rel}","templated":true}]}}